{"id":6024,"date":"2023-03-23T10:04:47","date_gmt":"2023-03-23T07:04:47","guid":{"rendered":"https:\/\/oleacyprus.net\/canli-yayin\/"},"modified":"2023-08-24T11:52:33","modified_gmt":"2023-08-24T08:52:33","slug":"canli-yayin","status":"publish","type":"page","link":"https:\/\/www.oleacyprus.com\/de\/canli-yayin\/","title":{"rendered":"Canl\u0131 Yay\u0131n"},"content":{"rendered":"\t\t<div data-elementor-type=\"wp-page\" data-elementor-id=\"6024\" class=\"elementor elementor-6024 elementor-2542\" data-elementor-post-type=\"page\">\n\t\t\t\t\t\t<section class=\"elementor-section elementor-top-section elementor-element elementor-element-484de7e elementor-section-boxed elementor-section-height-default elementor-section-height-default\" data-id=\"484de7e\" data-element_type=\"section\" data-e-type=\"section\" data-settings=\"{&quot;background_background&quot;:&quot;classic&quot;}\">\n\t\t\t\t\t\t\t<div class=\"elementor-background-overlay\"><\/div>\n\t\t\t\t\t\t\t<div class=\"elementor-container elementor-column-gap-default\">\n\t\t\t\t\t<div class=\"elementor-column elementor-col-100 elementor-top-column elementor-element elementor-element-756b406\" data-id=\"756b406\" data-element_type=\"column\" data-e-type=\"column\">\n\t\t\t<div class=\"elementor-widget-wrap elementor-element-populated\">\n\t\t\t\t\t\t<div class=\"elementor-element elementor-element-627bac7 elementor-widget elementor-widget-heading\" data-id=\"627bac7\" data-element_type=\"widget\" data-e-type=\"widget\" data-widget_type=\"heading.default\">\n\t\t\t\t<div class=\"elementor-widget-container\">\n\t\t\t\t\t<h1 class=\"elementor-heading-title elementor-size-default\">Canl\u0131 Yay\u0131n<\/h1>\t\t\t\t<\/div>\n\t\t\t\t<\/div>\n\t\t\t\t\t<\/div>\n\t\t<\/div>\n\t\t\t\t\t<\/div>\n\t\t<\/section>\n\t\t\t\t<section class=\"elementor-section elementor-top-section elementor-element elementor-element-c99c9fa elementor-section-boxed elementor-section-height-default elementor-section-height-default\" data-id=\"c99c9fa\" data-element_type=\"section\" data-e-type=\"section\" data-settings=\"{&quot;background_background&quot;:&quot;classic&quot;}\">\n\t\t\t\t\t\t\t<div class=\"elementor-background-overlay\"><\/div>\n\t\t\t\t\t\t\t<div class=\"elementor-container elementor-column-gap-default\">\n\t\t\t\t\t<div class=\"elementor-column elementor-col-100 elementor-top-column elementor-element elementor-element-45537cc\" data-id=\"45537cc\" data-element_type=\"column\" data-e-type=\"column\">\n\t\t\t<div class=\"elementor-widget-wrap elementor-element-populated\">\n\t\t\t\t\t\t<div class=\"elementor-element elementor-element-523ee2c elementor-widget elementor-widget-image\" data-id=\"523ee2c\" data-element_type=\"widget\" data-e-type=\"widget\" data-widget_type=\"image.default\">\n\t\t\t\t<div class=\"elementor-widget-container\">\n\t\t\t\t\t\t\t\t\t\t\t\t\t\t\t<img decoding=\"async\" src=\"https:\/\/www.oleacyprus.com\/wp-content\/uploads\/elementor\/thumbs\/logo-agac-tam-q0uvblnftre457mfrq8f8rgfsd4knmwnrqab8htuim.png\" title=\"logo-agac-tam\" alt=\"logo-agac-tam\" loading=\"lazy\" \/>\t\t\t\t\t\t\t\t\t\t\t\t\t\t\t<\/div>\n\t\t\t\t<\/div>\n\t\t\t\t\t<\/div>\n\t\t<\/div>\n\t\t\t\t\t<\/div>\n\t\t<\/section>\n\t\t\t\t<section class=\"elementor-section elementor-top-section elementor-element elementor-element-14d2524 elementor-section-full_width elementor-section-height-default elementor-section-height-default\" data-id=\"14d2524\" data-element_type=\"section\" data-e-type=\"section\">\n\t\t\t\t\t\t<div class=\"elementor-container elementor-column-gap-default\">\n\t\t\t\t\t<div class=\"elementor-column elementor-col-50 elementor-top-column elementor-element elementor-element-d37aefe\" data-id=\"d37aefe\" data-element_type=\"column\" data-e-type=\"column\">\n\t\t\t<div class=\"elementor-widget-wrap elementor-element-populated\">\n\t\t\t\t\t\t<div class=\"elementor-element elementor-element-2ba90fa elementor-widget elementor-widget-html\" data-id=\"2ba90fa\" data-element_type=\"widget\" data-e-type=\"widget\" data-widget_type=\"html.default\">\n\t\t\t\t<div class=\"elementor-widget-container\">\n\t\t\t\t\t<iframe src=\"https:\/\/g1.ipcamlive.com\/player\/player.php?alias=61f560f72307e\" width=\"800px\" height=\"600px\" frameborder=\"0\" allowfullscreen><\/iframe>\t\t\t\t<\/div>\n\t\t\t\t<\/div>\n\t\t\t\t\t<\/div>\n\t\t<\/div>\n\t\t\t\t<div class=\"elementor-column elementor-col-50 elementor-top-column elementor-element elementor-element-b3e012e\" data-id=\"b3e012e\" data-element_type=\"column\" data-e-type=\"column\">\n\t\t\t<div class=\"elementor-widget-wrap elementor-element-populated\">\n\t\t\t\t\t\t<div class=\"elementor-element elementor-element-1c19216 elementor-widget elementor-widget-html\" data-id=\"1c19216\" data-element_type=\"widget\" data-e-type=\"widget\" data-widget_type=\"html.default\">\n\t\t\t\t<div class=\"elementor-widget-container\">\n\t\t\t\t\t<iframe src=\"https:\/\/g1.ipcamlive.com\/player\/player.php?alias=622286c59ad97\" width=\"800px\" height=\"600px\" frameborder=\"0\" allowfullscreen><\/iframe> \t\t\t\t<\/div>\n\t\t\t\t<\/div>\n\t\t\t\t\t<\/div>\n\t\t<\/div>\n\t\t\t\t\t<\/div>\n\t\t<\/section>\n\t\t\t\t<section class=\"elementor-section elementor-top-section elementor-element elementor-element-08663ce elementor-section-boxed elementor-section-height-default elementor-section-height-default\" data-id=\"08663ce\" data-element_type=\"section\" data-e-type=\"section\">\n\t\t\t\t\t\t<div class=\"elementor-container elementor-column-gap-default\">\n\t\t\t\t\t<div class=\"elementor-column elementor-col-100 elementor-top-column elementor-element elementor-element-055a537\" data-id=\"055a537\" data-element_type=\"column\" data-e-type=\"column\">\n\t\t\t<div class=\"elementor-widget-wrap elementor-element-populated\">\n\t\t\t\t\t\t<div class=\"elementor-element elementor-element-de107ff elementor-widget elementor-widget-spacer\" data-id=\"de107ff\" data-element_type=\"widget\" data-e-type=\"widget\" data-widget_type=\"spacer.default\">\n\t\t\t\t<div class=\"elementor-widget-container\">\n\t\t\t\t\t\t\t<div class=\"elementor-spacer\">\n\t\t\t<div class=\"elementor-spacer-inner\"><\/div>\n\t\t<\/div>\n\t\t\t\t\t\t<\/div>\n\t\t\t\t<\/div>\n\t\t\t\t\t<\/div>\n\t\t<\/div>\n\t\t\t\t\t<\/div>\n\t\t<\/section>\n\t\t\t\t<\/div>\n\t\t","protected":false},"excerpt":{"rendered":"<p>Canl\u0131 Yay\u0131n<\/p>\n","protected":false},"author":4,"featured_media":0,"parent":0,"menu_order":0,"comment_status":"closed","ping_status":"closed","template":"","meta":{"site-sidebar-layout":"no-sidebar","site-content-layout":"page-builder","ast-site-content-layout":"default","site-content-style":"default","site-sidebar-style":"default","ast-global-header-display":"","ast-banner-title-visibility":"","ast-main-header-display":"","ast-hfb-above-header-display":"","ast-hfb-below-header-display":"","ast-hfb-mobile-header-display":"","site-post-title":"disabled","ast-breadcrumbs-content":"","ast-featured-img":"","footer-sml-layout":"","ast-disable-related-posts":"","theme-transparent-header-meta":"enabled","adv-header-id-meta":"","stick-header-meta":"","header-above-stick-meta":"","header-main-stick-meta":"","header-below-stick-meta":"","astra-migrate-meta-layouts":"default","ast-page-background-enabled":"default","ast-page-background-meta":{"desktop":{"background-color":"","background-image":"","background-repeat":"repeat","background-position":"center center","background-size":"auto","background-attachment":"scroll","background-type":"","background-media":"","overlay-type":"","overlay-color":"","overlay-opacity":"","overlay-gradient":""},"tablet":{"background-color":"","background-image":"","background-repeat":"repeat","background-position":"center center","background-size":"auto","background-attachment":"scroll","background-type":"","background-media":"","overlay-type":"","overlay-color":"","overlay-opacity":"","overlay-gradient":""},"mobile":{"background-color":"","background-image":"","background-repeat":"repeat","background-position":"center center","background-size":"auto","background-attachment":"scroll","background-type":"","background-media":"","overlay-type":"","overlay-color":"","overlay-opacity":"","overlay-gradient":""}},"ast-content-background-meta":{"desktop":{"background-color":"var(--ast-global-color-5)","background-image":"","background-repeat":"repeat","background-position":"center center","background-size":"auto","background-attachment":"scroll","background-type":"","background-media":"","overlay-type":"","overlay-color":"","overlay-opacity":"","overlay-gradient":""},"tablet":{"background-color":"var(--ast-global-color-5)","background-image":"","background-repeat":"repeat","background-position":"center center","background-size":"auto","background-attachment":"scroll","background-type":"","background-media":"","overlay-type":"","overlay-color":"","overlay-opacity":"","overlay-gradient":""},"mobile":{"background-color":"var(--ast-global-color-5)","background-image":"","background-repeat":"repeat","background-position":"center center","background-size":"auto","background-attachment":"scroll","background-type":"","background-media":"","overlay-type":"","overlay-color":"","overlay-opacity":"","overlay-gradient":""}},"_themeisle_gutenberg_block_has_review":false,"footnotes":""},"class_list":["post-6024","page","type-page","status-publish","hentry"],"yoast_head":"<!-- This site is optimized with the Yoast SEO plugin v27.4 - https:\/\/yoast.com\/product\/yoast-seo-wordpress\/ -->\n<title>Canl\u0131 Yay\u0131n - Olea Residence<\/title>\n<meta name=\"robots\" content=\"index, follow, max-snippet:-1, max-image-preview:large, max-video-preview:-1\" \/>\n<link rel=\"canonical\" href=\"https:\/\/www.oleacyprus.com\/de\/canli-yayin\/\" \/>\n<meta property=\"og:locale\" content=\"de_DE\" \/>\n<meta property=\"og:type\" content=\"article\" \/>\n<meta property=\"og:title\" content=\"Canl\u0131 Yay\u0131n - Olea Residence\" \/>\n<meta property=\"og:description\" content=\"Canl\u0131 Yay\u0131n\" \/>\n<meta property=\"og:url\" content=\"https:\/\/www.oleacyprus.com\/de\/canli-yayin\/\" \/>\n<meta property=\"og:site_name\" content=\"Olea Residence\" \/>\n<meta property=\"article:modified_time\" content=\"2023-08-24T08:52:33+00:00\" \/>\n<meta property=\"og:image\" content=\"https:\/\/oleacyprus.net\/wp-content\/uploads\/elementor\/thumbs\/logo-agac-tam-q0uvblnftre457mfrq8f8rgfsd4knmwnrqab8htuiw.png\" \/>\n<meta name=\"twitter:card\" content=\"summary_large_image\" \/>\n<meta name=\"twitter:label1\" content=\"Gesch\u00e4tzte Lesezeit\" \/>\n\t<meta name=\"twitter:data1\" content=\"1\u00a0Minute\" \/>\n<script type=\"application\/ld+json\" class=\"yoast-schema-graph\">{\"@context\":\"https:\\\/\\\/schema.org\",\"@graph\":[{\"@type\":\"WebPage\",\"@id\":\"https:\\\/\\\/www.oleacyprus.com\\\/de\\\/canli-yayin\\\/\",\"url\":\"https:\\\/\\\/www.oleacyprus.com\\\/de\\\/canli-yayin\\\/\",\"name\":\"Canl\u0131 Yay\u0131n - Olea Residence\",\"isPartOf\":{\"@id\":\"https:\\\/\\\/www.oleacyprus.com\\\/de\\\/#website\"},\"primaryImageOfPage\":{\"@id\":\"https:\\\/\\\/www.oleacyprus.com\\\/de\\\/canli-yayin\\\/#primaryimage\"},\"image\":{\"@id\":\"https:\\\/\\\/www.oleacyprus.com\\\/de\\\/canli-yayin\\\/#primaryimage\"},\"thumbnailUrl\":\"https:\\\/\\\/oleacyprus.net\\\/wp-content\\\/uploads\\\/elementor\\\/thumbs\\\/logo-agac-tam-q0uvblnftre457mfrq8f8rgfsd4knmwnrqab8htuiw.png\",\"datePublished\":\"2023-03-23T07:04:47+00:00\",\"dateModified\":\"2023-08-24T08:52:33+00:00\",\"breadcrumb\":{\"@id\":\"https:\\\/\\\/www.oleacyprus.com\\\/de\\\/canli-yayin\\\/#breadcrumb\"},\"inLanguage\":\"de\",\"potentialAction\":[{\"@type\":\"ReadAction\",\"target\":[\"https:\\\/\\\/www.oleacyprus.com\\\/de\\\/canli-yayin\\\/\"]}]},{\"@type\":\"ImageObject\",\"inLanguage\":\"de\",\"@id\":\"https:\\\/\\\/www.oleacyprus.com\\\/de\\\/canli-yayin\\\/#primaryimage\",\"url\":\"https:\\\/\\\/oleacyprus.net\\\/wp-content\\\/uploads\\\/elementor\\\/thumbs\\\/logo-agac-tam-q0uvblnftre457mfrq8f8rgfsd4knmwnrqab8htuiw.png\",\"contentUrl\":\"https:\\\/\\\/oleacyprus.net\\\/wp-content\\\/uploads\\\/elementor\\\/thumbs\\\/logo-agac-tam-q0uvblnftre457mfrq8f8rgfsd4knmwnrqab8htuiw.png\"},{\"@type\":\"BreadcrumbList\",\"@id\":\"https:\\\/\\\/www.oleacyprus.com\\\/de\\\/canli-yayin\\\/#breadcrumb\",\"itemListElement\":[{\"@type\":\"ListItem\",\"position\":1,\"name\":\"Anasayfa\",\"item\":\"https:\\\/\\\/www.oleacyprus.com\\\/de\\\/\"},{\"@type\":\"ListItem\",\"position\":2,\"name\":\"Canl\u0131 Yay\u0131n\"}]},{\"@type\":\"WebSite\",\"@id\":\"https:\\\/\\\/www.oleacyprus.com\\\/de\\\/#website\",\"url\":\"https:\\\/\\\/www.oleacyprus.com\\\/de\\\/\",\"name\":\"Olea Residence\",\"description\":\"\",\"publisher\":{\"@id\":\"https:\\\/\\\/www.oleacyprus.com\\\/de\\\/#organization\"},\"potentialAction\":[{\"@type\":\"SearchAction\",\"target\":{\"@type\":\"EntryPoint\",\"urlTemplate\":\"https:\\\/\\\/www.oleacyprus.com\\\/de\\\/?s={search_term_string}\"},\"query-input\":{\"@type\":\"PropertyValueSpecification\",\"valueRequired\":true,\"valueName\":\"search_term_string\"}}],\"inLanguage\":\"de\"},{\"@type\":\"Organization\",\"@id\":\"https:\\\/\\\/www.oleacyprus.com\\\/de\\\/#organization\",\"name\":\"Olea Residence\",\"url\":\"https:\\\/\\\/www.oleacyprus.com\\\/de\\\/\",\"logo\":{\"@type\":\"ImageObject\",\"inLanguage\":\"de\",\"@id\":\"https:\\\/\\\/www.oleacyprus.com\\\/de\\\/#\\\/schema\\\/logo\\\/image\\\/\",\"url\":\"https:\\\/\\\/www.oleacyprus.com\\\/wp-content\\\/uploads\\\/2020\\\/04\\\/cropped-2-01.png\",\"contentUrl\":\"https:\\\/\\\/www.oleacyprus.com\\\/wp-content\\\/uploads\\\/2020\\\/04\\\/cropped-2-01.png\",\"width\":312,\"height\":246,\"caption\":\"Olea Residence\"},\"image\":{\"@id\":\"https:\\\/\\\/www.oleacyprus.com\\\/de\\\/#\\\/schema\\\/logo\\\/image\\\/\"}}]}<\/script>\n<!-- \/ Yoast SEO plugin. -->","yoast_head_json":{"title":"Canl\u0131 Yay\u0131n - Olea Residence","robots":{"index":"index","follow":"follow","max-snippet":"max-snippet:-1","max-image-preview":"max-image-preview:large","max-video-preview":"max-video-preview:-1"},"canonical":"https:\/\/www.oleacyprus.com\/de\/canli-yayin\/","og_locale":"de_DE","og_type":"article","og_title":"Canl\u0131 Yay\u0131n - Olea Residence","og_description":"Canl\u0131 Yay\u0131n","og_url":"https:\/\/www.oleacyprus.com\/de\/canli-yayin\/","og_site_name":"Olea Residence","article_modified_time":"2023-08-24T08:52:33+00:00","og_image":[{"url":"https:\/\/oleacyprus.net\/wp-content\/uploads\/elementor\/thumbs\/logo-agac-tam-q0uvblnftre457mfrq8f8rgfsd4knmwnrqab8htuiw.png","type":"","width":"","height":""}],"twitter_card":"summary_large_image","twitter_misc":{"Gesch\u00e4tzte Lesezeit":"1\u00a0Minute"},"schema":{"@context":"https:\/\/schema.org","@graph":[{"@type":"WebPage","@id":"https:\/\/www.oleacyprus.com\/de\/canli-yayin\/","url":"https:\/\/www.oleacyprus.com\/de\/canli-yayin\/","name":"Canl\u0131 Yay\u0131n - Olea Residence","isPartOf":{"@id":"https:\/\/www.oleacyprus.com\/de\/#website"},"primaryImageOfPage":{"@id":"https:\/\/www.oleacyprus.com\/de\/canli-yayin\/#primaryimage"},"image":{"@id":"https:\/\/www.oleacyprus.com\/de\/canli-yayin\/#primaryimage"},"thumbnailUrl":"https:\/\/oleacyprus.net\/wp-content\/uploads\/elementor\/thumbs\/logo-agac-tam-q0uvblnftre457mfrq8f8rgfsd4knmwnrqab8htuiw.png","datePublished":"2023-03-23T07:04:47+00:00","dateModified":"2023-08-24T08:52:33+00:00","breadcrumb":{"@id":"https:\/\/www.oleacyprus.com\/de\/canli-yayin\/#breadcrumb"},"inLanguage":"de","potentialAction":[{"@type":"ReadAction","target":["https:\/\/www.oleacyprus.com\/de\/canli-yayin\/"]}]},{"@type":"ImageObject","inLanguage":"de","@id":"https:\/\/www.oleacyprus.com\/de\/canli-yayin\/#primaryimage","url":"https:\/\/oleacyprus.net\/wp-content\/uploads\/elementor\/thumbs\/logo-agac-tam-q0uvblnftre457mfrq8f8rgfsd4knmwnrqab8htuiw.png","contentUrl":"https:\/\/oleacyprus.net\/wp-content\/uploads\/elementor\/thumbs\/logo-agac-tam-q0uvblnftre457mfrq8f8rgfsd4knmwnrqab8htuiw.png"},{"@type":"BreadcrumbList","@id":"https:\/\/www.oleacyprus.com\/de\/canli-yayin\/#breadcrumb","itemListElement":[{"@type":"ListItem","position":1,"name":"Anasayfa","item":"https:\/\/www.oleacyprus.com\/de\/"},{"@type":"ListItem","position":2,"name":"Canl\u0131 Yay\u0131n"}]},{"@type":"WebSite","@id":"https:\/\/www.oleacyprus.com\/de\/#website","url":"https:\/\/www.oleacyprus.com\/de\/","name":"Olea Residence","description":"","publisher":{"@id":"https:\/\/www.oleacyprus.com\/de\/#organization"},"potentialAction":[{"@type":"SearchAction","target":{"@type":"EntryPoint","urlTemplate":"https:\/\/www.oleacyprus.com\/de\/?s={search_term_string}"},"query-input":{"@type":"PropertyValueSpecification","valueRequired":true,"valueName":"search_term_string"}}],"inLanguage":"de"},{"@type":"Organization","@id":"https:\/\/www.oleacyprus.com\/de\/#organization","name":"Olea Residence","url":"https:\/\/www.oleacyprus.com\/de\/","logo":{"@type":"ImageObject","inLanguage":"de","@id":"https:\/\/www.oleacyprus.com\/de\/#\/schema\/logo\/image\/","url":"https:\/\/www.oleacyprus.com\/wp-content\/uploads\/2020\/04\/cropped-2-01.png","contentUrl":"https:\/\/www.oleacyprus.com\/wp-content\/uploads\/2020\/04\/cropped-2-01.png","width":312,"height":246,"caption":"Olea Residence"},"image":{"@id":"https:\/\/www.oleacyprus.com\/de\/#\/schema\/logo\/image\/"}}]}},"_links":{"self":[{"href":"https:\/\/www.oleacyprus.com\/de\/wp-json\/wp\/v2\/pages\/6024","targetHints":{"allow":["GET"]}}],"collection":[{"href":"https:\/\/www.oleacyprus.com\/de\/wp-json\/wp\/v2\/pages"}],"about":[{"href":"https:\/\/www.oleacyprus.com\/de\/wp-json\/wp\/v2\/types\/page"}],"author":[{"embeddable":true,"href":"https:\/\/www.oleacyprus.com\/de\/wp-json\/wp\/v2\/users\/4"}],"replies":[{"embeddable":true,"href":"https:\/\/www.oleacyprus.com\/de\/wp-json\/wp\/v2\/comments?post=6024"}],"version-history":[{"count":1,"href":"https:\/\/www.oleacyprus.com\/de\/wp-json\/wp\/v2\/pages\/6024\/revisions"}],"predecessor-version":[{"id":6879,"href":"https:\/\/www.oleacyprus.com\/de\/wp-json\/wp\/v2\/pages\/6024\/revisions\/6879"}],"wp:attachment":[{"href":"https:\/\/www.oleacyprus.com\/de\/wp-json\/wp\/v2\/media?parent=6024"}],"curies":[{"name":"wp","href":"https:\/\/api.w.org\/{rel}","templated":true}]}}