{"id":6021,"date":"2023-03-22T17:31:53","date_gmt":"2023-03-22T14:31:53","guid":{"rendered":"https:\/\/oleacyprus.net\/cittaslow\/"},"modified":"2023-08-24T11:52:30","modified_gmt":"2023-08-24T08:52:30","slug":"cittaslow","status":"publish","type":"page","link":"https:\/\/www.oleacyprus.com\/de\/cittaslow\/","title":{"rendered":"Cittaslow"},"content":{"rendered":"\t\t<div data-elementor-type=\"wp-page\" data-elementor-id=\"6021\" class=\"elementor elementor-6021 elementor-2310\" data-elementor-post-type=\"page\">\n\t\t\t\t\t\t<section class=\"elementor-section elementor-top-section elementor-element elementor-element-b6c6176 elementor-section-boxed elementor-section-height-default elementor-section-height-default\" data-id=\"b6c6176\" data-element_type=\"section\" data-e-type=\"section\" data-settings=\"{&quot;background_background&quot;:&quot;classic&quot;}\">\n\t\t\t\t\t\t\t<div class=\"elementor-background-overlay\"><\/div>\n\t\t\t\t\t\t\t<div class=\"elementor-container elementor-column-gap-default\">\n\t\t\t\t\t<div class=\"elementor-column elementor-col-100 elementor-top-column elementor-element elementor-element-105e57a\" data-id=\"105e57a\" data-element_type=\"column\" data-e-type=\"column\">\n\t\t\t<div class=\"elementor-widget-wrap elementor-element-populated\">\n\t\t\t\t\t\t<div class=\"elementor-element elementor-element-87bf350 elementor-widget elementor-widget-heading\" data-id=\"87bf350\" data-element_type=\"widget\" data-e-type=\"widget\" data-widget_type=\"heading.default\">\n\t\t\t\t<div class=\"elementor-widget-container\">\n\t\t\t\t\t<h1 class=\"elementor-heading-title elementor-size-default\">Cittaslow<\/h1>\t\t\t\t<\/div>\n\t\t\t\t<\/div>\n\t\t\t\t\t<\/div>\n\t\t<\/div>\n\t\t\t\t\t<\/div>\n\t\t<\/section>\n\t\t\t\t<section class=\"elementor-section elementor-top-section elementor-element elementor-element-19fc3ee elementor-section-boxed elementor-section-height-default elementor-section-height-default\" data-id=\"19fc3ee\" data-element_type=\"section\" data-e-type=\"section\">\n\t\t\t\t\t\t<div class=\"elementor-container elementor-column-gap-default\">\n\t\t\t\t\t<div class=\"elementor-column elementor-col-100 elementor-top-column elementor-element elementor-element-ce8ac9a\" data-id=\"ce8ac9a\" data-element_type=\"column\" data-e-type=\"column\">\n\t\t\t<div class=\"elementor-widget-wrap elementor-element-populated\">\n\t\t\t\t\t\t<div class=\"elementor-element elementor-element-7465c1e elementor-widget elementor-widget-spacer\" data-id=\"7465c1e\" data-element_type=\"widget\" data-e-type=\"widget\" data-widget_type=\"spacer.default\">\n\t\t\t\t<div class=\"elementor-widget-container\">\n\t\t\t\t\t\t\t<div class=\"elementor-spacer\">\n\t\t\t<div class=\"elementor-spacer-inner\"><\/div>\n\t\t<\/div>\n\t\t\t\t\t\t<\/div>\n\t\t\t\t<\/div>\n\t\t\t\t<div class=\"elementor-element elementor-element-679742e elementor-widget elementor-widget-image\" data-id=\"679742e\" data-element_type=\"widget\" data-e-type=\"widget\" data-widget_type=\"image.default\">\n\t\t\t\t<div class=\"elementor-widget-container\">\n\t\t\t\t\t\t\t\t\t\t\t\t\t\t\t<img decoding=\"async\" src=\"https:\/\/www.oleacyprus.com\/wp-content\/uploads\/elementor\/thumbs\/cittaslow_Calisma-Yuzeyi-1-kopya-2-q3w9b4fo8jqk8zk7qde0ith88fewyiu6trrr1t4vkg.png\" title=\"cittaslow_\u00c7al\u0131\u015fma Y\u00fczeyi 1 kopya 2\" alt=\"cittaslow_\u00c7al\u0131\u015fma Y\u00fczeyi 1 kopya 2\" loading=\"lazy\" \/>\t\t\t\t\t\t\t\t\t\t\t\t\t\t\t<\/div>\n\t\t\t\t<\/div>\n\t\t\t\t\t<\/div>\n\t\t<\/div>\n\t\t\t\t\t<\/div>\n\t\t<\/section>\n\t\t\t\t<section class=\"elementor-section elementor-top-section elementor-element elementor-element-75a506f elementor-section-boxed elementor-section-height-default elementor-section-height-default\" data-id=\"75a506f\" data-element_type=\"section\" data-e-type=\"section\">\n\t\t\t\t\t\t<div class=\"elementor-container elementor-column-gap-default\">\n\t\t\t\t\t<div class=\"elementor-column elementor-col-100 elementor-top-column elementor-element elementor-element-9b3c8c4\" data-id=\"9b3c8c4\" data-element_type=\"column\" data-e-type=\"column\">\n\t\t\t<div class=\"elementor-widget-wrap elementor-element-populated\">\n\t\t\t\t\t\t<div class=\"elementor-element elementor-element-a17e0c4 elementor-widget elementor-widget-heading\" data-id=\"a17e0c4\" data-element_type=\"widget\" data-e-type=\"widget\" data-widget_type=\"heading.default\">\n\t\t\t\t<div class=\"elementor-widget-container\">\n\t\t\t\t\t<h2 class=\"elementor-heading-title elementor-size-default\">Cittaslow Nedir?<\/h2>\t\t\t\t<\/div>\n\t\t\t\t<\/div>\n\t\t\t\t<div class=\"elementor-element elementor-element-4c917b9 elementor-widget elementor-widget-text-editor\" data-id=\"4c917b9\" data-element_type=\"widget\" data-e-type=\"widget\" data-widget_type=\"text-editor.default\">\n\t\t\t\t<div class=\"elementor-widget-container\">\n\t\t\t\t\t\t\t\t\t<div class=\"elementor-element elementor-element-1462832 elementor-widget elementor-widget-text-editor\" data-id=\"1462832\" data-element_type=\"widget\" data-widget_type=\"text-editor.default\"><div class=\"elementor-widget-container\"><p>Cittaslow \u015fehirler, tarihi, do\u011fas\u0131, k\u00fclt\u00fcr\u00fc ve gelenekleriyle geli\u015fen ve de\u011fi\u015fen d\u00fcnyan\u0131n i\u00e7inde varl\u0131\u011f\u0131n\u0131 orijinal haliyle s\u00fcrd\u00fcrmeyi ba\u015faran \u015fehirlerdir. Cittaslow \u015fehirleri, tek tip olmaya ba\u015flayan d\u00fcnyada farkl\u0131 \u00f6zelliklerinin korunmas\u0131 konusunda uluslararas\u0131 destek al\u0131rken s\u00fcrd\u00fcr\u00fclebilir do\u011fa ve k\u00fclt\u00fcr konusunda da varl\u0131\u011f\u0131n\u0131 s\u00fcrd\u00fcrmeye devam eder.<\/p><p>Sakin \u015eehir \u2019de ya\u015famak, daha temiz bir \u00e7evreye sahip olmak, sa\u011fl\u0131kl\u0131 g\u0131dalarla beslenmek ve geleneklerin de\u011ferlerine sayg\u0131 g\u00f6sterilen ve di\u011fer k\u00fclt\u00fcrlere a\u00e7\u0131k olan zengin bir sosyal hayatta yer almak manas\u0131na gelmektedir.<\/p><p>Kuzey K\u0131br\u0131s bu kurulu\u015fa \u00fcye bir \u00fclkedir ve Lefke, Tatl\u0131su, Ge\u00e7itkale, Yenibo\u011fazi\u00e7i ve Karpaz b\u00f6lgesinde yer alan Mehmet\u00e7ik kentleri resmi \u015fekilde Sakin \u015eehir olarak belirlenmi\u015ftir ve t\u00fcm bu \u015fehirler bu y\u00fckselen k\u00fclt\u00fcr\u00fc temsil etmektedir, ayr\u0131ca y\u0131l boyunca Sakin \u015eehir ya\u015fam tarz\u0131n\u0131 t\u00fcm \u00f6zellikleriyle ortaya koyan farkl\u0131 etkinliklere ev sahipli\u011fi yapmaktad\u0131rlar.<\/p><p>Sakin \u015eehir (Cittaslow) beyan\u0131nda \u201cBiz insanlar\u0131n tiyatrolarla, meydanlarla, kafelerle, at\u00f6lyelerle, restoranlar ve manevi mekanlarla dolup ta\u015ft\u0131\u011f\u0131 eski \u015fehirleri ve eski zamanlar\u0131 hala merak eden insanlar\u0131n oldu\u011fu \u015fehirleri; el de\u011fmemi\u015f manzaralar\u0131 ve b\u00fcy\u00fcleyici esnaf\u0131yla, mevsimlerin yava\u015f ak\u0131\u015f\u0131n\u0131n ve bu mevsimlerin tatlara, sa\u011fl\u0131\u011fa ve i\u00e7ten gelen geleneklere sayg\u0131 g\u00f6steren ger\u00e7ek \u00fcr\u00fcnlerinin tan\u0131nabildi\u011fi \u015fehirleri ar\u0131yoruz\u201d ifadesi yer almaktad\u0131r.<\/p><p>Merakl\u0131 gezginler i\u00e7in, bu \u015fehirler ziyaret etmeye ve \u00e7ok zevkli bir deneyim sunacak etkinliklerden birine kat\u0131lmaya sonuna kadar de\u011fecektir.<\/p><\/div><\/div>\t\t\t\t\t\t\t\t<\/div>\n\t\t\t\t<\/div>\n\t\t\t\t<div class=\"elementor-element elementor-element-16cda0e elementor-widget elementor-widget-spacer\" data-id=\"16cda0e\" data-element_type=\"widget\" data-e-type=\"widget\" data-widget_type=\"spacer.default\">\n\t\t\t\t<div class=\"elementor-widget-container\">\n\t\t\t\t\t\t\t<div class=\"elementor-spacer\">\n\t\t\t<div class=\"elementor-spacer-inner\"><\/div>\n\t\t<\/div>\n\t\t\t\t\t\t<\/div>\n\t\t\t\t<\/div>\n\t\t\t\t<div class=\"elementor-element elementor-element-8528949 elementor-widget elementor-widget-image-gallery\" data-id=\"8528949\" data-element_type=\"widget\" data-e-type=\"widget\" data-widget_type=\"image-gallery.default\">\n\t\t\t\t<div class=\"elementor-widget-container\">\n\t\t\t\t\t\t\t<div class=\"elementor-image-gallery\">\n\t\t\t<div id='gallery-1' class='gallery galleryid-6021 gallery-columns-4 gallery-size-full'><figure class='gallery-item'>\n\t\t\t<div class='gallery-icon landscape'>\n\t\t\t\t<a data-elementor-open-lightbox=\"yes\" data-elementor-lightbox-slideshow=\"8528949\" data-elementor-lightbox-title=\"001600\" data-e-action-hash=\"#elementor-action%3Aaction%3Dlightbox%26settings%3DeyJpZCI6NDU5MywidXJsIjoiaHR0cHM6XC9cL3d3dy5vbGVhY3lwcnVzLmNvbVwvd3AtY29udGVudFwvdXBsb2Fkc1wvMjAyM1wvMDRcLzAwMTYwMC5qcGciLCJzbGlkZXNob3ciOiI4NTI4OTQ5In0%3D\" href='https:\/\/www.oleacyprus.com\/wp-content\/uploads\/2023\/04\/001600.jpg'><img fetchpriority=\"high\" decoding=\"async\" width=\"600\" height=\"450\" src=\"https:\/\/www.oleacyprus.com\/wp-content\/uploads\/2023\/04\/001600.jpg\" class=\"attachment-full size-full\" alt=\"\" srcset=\"https:\/\/www.oleacyprus.com\/wp-content\/uploads\/2023\/04\/001600.jpg 600w, https:\/\/www.oleacyprus.com\/wp-content\/uploads\/2023\/04\/001600-300x225.jpg 300w\" sizes=\"(max-width: 600px) 100vw, 600px\" \/><\/a>\n\t\t\t<\/div><\/figure><figure class='gallery-item'>\n\t\t\t<div class='gallery-icon landscape'>\n\t\t\t\t<a data-elementor-open-lightbox=\"yes\" data-elementor-lightbox-slideshow=\"8528949\" data-elementor-lightbox-title=\"0012\" data-e-action-hash=\"#elementor-action%3Aaction%3Dlightbox%26settings%3DeyJpZCI6NDU5MiwidXJsIjoiaHR0cHM6XC9cL3d3dy5vbGVhY3lwcnVzLmNvbVwvd3AtY29udGVudFwvdXBsb2Fkc1wvMjAyM1wvMDRcLzAwMTIuanBnIiwic2xpZGVzaG93IjoiODUyODk0OSJ9\" href='https:\/\/www.oleacyprus.com\/wp-content\/uploads\/2023\/04\/0012.jpg'><img decoding=\"async\" width=\"600\" height=\"450\" src=\"https:\/\/www.oleacyprus.com\/wp-content\/uploads\/2023\/04\/0012.jpg\" class=\"attachment-full size-full\" alt=\"\" srcset=\"https:\/\/www.oleacyprus.com\/wp-content\/uploads\/2023\/04\/0012.jpg 600w, https:\/\/www.oleacyprus.com\/wp-content\/uploads\/2023\/04\/0012-300x225.jpg 300w\" sizes=\"(max-width: 600px) 100vw, 600px\" \/><\/a>\n\t\t\t<\/div><\/figure><figure class='gallery-item'>\n\t\t\t<div class='gallery-icon landscape'>\n\t\t\t\t<a data-elementor-open-lightbox=\"yes\" data-elementor-lightbox-slideshow=\"8528949\" data-elementor-lightbox-title=\"00130\" data-e-action-hash=\"#elementor-action%3Aaction%3Dlightbox%26settings%3DeyJpZCI6NDU5MSwidXJsIjoiaHR0cHM6XC9cL3d3dy5vbGVhY3lwcnVzLmNvbVwvd3AtY29udGVudFwvdXBsb2Fkc1wvMjAyM1wvMDRcLzAwMTMwLmpwZyIsInNsaWRlc2hvdyI6Ijg1Mjg5NDkifQ%3D%3D\" href='https:\/\/www.oleacyprus.com\/wp-content\/uploads\/2023\/04\/00130.jpg'><img decoding=\"async\" width=\"600\" height=\"450\" src=\"https:\/\/www.oleacyprus.com\/wp-content\/uploads\/2023\/04\/00130.jpg\" class=\"attachment-full size-full\" alt=\"\" srcset=\"https:\/\/www.oleacyprus.com\/wp-content\/uploads\/2023\/04\/00130.jpg 600w, https:\/\/www.oleacyprus.com\/wp-content\/uploads\/2023\/04\/00130-300x225.jpg 300w\" sizes=\"(max-width: 600px) 100vw, 600px\" \/><\/a>\n\t\t\t<\/div><\/figure><figure class='gallery-item'>\n\t\t\t<div class='gallery-icon landscape'>\n\t\t\t\t<a data-elementor-open-lightbox=\"yes\" data-elementor-lightbox-slideshow=\"8528949\" data-elementor-lightbox-title=\"001500\" data-e-action-hash=\"#elementor-action%3Aaction%3Dlightbox%26settings%3DeyJpZCI6NDU4OSwidXJsIjoiaHR0cHM6XC9cL3d3dy5vbGVhY3lwcnVzLmNvbVwvd3AtY29udGVudFwvdXBsb2Fkc1wvMjAyM1wvMDRcLzAwMTUwMC5qcGciLCJzbGlkZXNob3ciOiI4NTI4OTQ5In0%3D\" href='https:\/\/www.oleacyprus.com\/wp-content\/uploads\/2023\/04\/001500.jpg'><img loading=\"lazy\" decoding=\"async\" width=\"600\" height=\"450\" src=\"https:\/\/www.oleacyprus.com\/wp-content\/uploads\/2023\/04\/001500.jpg\" class=\"attachment-full size-full\" alt=\"\" srcset=\"https:\/\/www.oleacyprus.com\/wp-content\/uploads\/2023\/04\/001500.jpg 600w, https:\/\/www.oleacyprus.com\/wp-content\/uploads\/2023\/04\/001500-300x225.jpg 300w\" sizes=\"(max-width: 600px) 100vw, 600px\" \/><\/a>\n\t\t\t<\/div><\/figure>\n\t\t<\/div>\n\t\t<\/div>\n\t\t\t\t\t\t<\/div>\n\t\t\t\t<\/div>\n\t\t\t\t<div class=\"elementor-element elementor-element-332902b elementor-widget elementor-widget-spacer\" data-id=\"332902b\" data-element_type=\"widget\" data-e-type=\"widget\" data-widget_type=\"spacer.default\">\n\t\t\t\t<div class=\"elementor-widget-container\">\n\t\t\t\t\t\t\t<div class=\"elementor-spacer\">\n\t\t\t<div class=\"elementor-spacer-inner\"><\/div>\n\t\t<\/div>\n\t\t\t\t\t\t<\/div>\n\t\t\t\t<\/div>\n\t\t\t\t\t<\/div>\n\t\t<\/div>\n\t\t\t\t\t<\/div>\n\t\t<\/section>\n\t\t\t\t<\/div>\n\t\t","protected":false},"excerpt":{"rendered":"<p>Cittaslow Cittaslow Nedir? Cittaslow \u015fehirler, tarihi, do\u011fas\u0131, k\u00fclt\u00fcr\u00fc ve gelenekleriyle geli\u015fen ve de\u011fi\u015fen d\u00fcnyan\u0131n i\u00e7inde varl\u0131\u011f\u0131n\u0131 orijinal haliyle s\u00fcrd\u00fcrmeyi ba\u015faran \u015fehirlerdir. Cittaslow \u015fehirleri, tek tip olmaya ba\u015flayan d\u00fcnyada farkl\u0131 \u00f6zelliklerinin korunmas\u0131 konusunda uluslararas\u0131 destek al\u0131rken s\u00fcrd\u00fcr\u00fclebilir do\u011fa ve k\u00fclt\u00fcr konusunda da varl\u0131\u011f\u0131n\u0131 s\u00fcrd\u00fcrmeye devam eder. Sakin \u015eehir \u2019de ya\u015famak, daha temiz bir \u00e7evreye sahip olmak, [&hellip;]<\/p>\n","protected":false},"author":4,"featured_media":0,"parent":0,"menu_order":0,"comment_status":"closed","ping_status":"closed","template":"","meta":{"site-sidebar-layout":"no-sidebar","site-content-layout":"page-builder","ast-site-content-layout":"default","site-content-style":"default","site-sidebar-style":"default","ast-global-header-display":"","ast-banner-title-visibility":"","ast-main-header-display":"","ast-hfb-above-header-display":"","ast-hfb-below-header-display":"","ast-hfb-mobile-header-display":"","site-post-title":"disabled","ast-breadcrumbs-content":"","ast-featured-img":"disabled","footer-sml-layout":"","ast-disable-related-posts":"","theme-transparent-header-meta":"default","adv-header-id-meta":"","stick-header-meta":"","header-above-stick-meta":"","header-main-stick-meta":"","header-below-stick-meta":"","astra-migrate-meta-layouts":"default","ast-page-background-enabled":"default","ast-page-background-meta":{"desktop":{"background-color":"","background-image":"","background-repeat":"repeat","background-position":"center center","background-size":"auto","background-attachment":"scroll","background-type":"","background-media":"","overlay-type":"","overlay-color":"","overlay-opacity":"","overlay-gradient":""},"tablet":{"background-color":"","background-image":"","background-repeat":"repeat","background-position":"center center","background-size":"auto","background-attachment":"scroll","background-type":"","background-media":"","overlay-type":"","overlay-color":"","overlay-opacity":"","overlay-gradient":""},"mobile":{"background-color":"","background-image":"","background-repeat":"repeat","background-position":"center center","background-size":"auto","background-attachment":"scroll","background-type":"","background-media":"","overlay-type":"","overlay-color":"","overlay-opacity":"","overlay-gradient":""}},"ast-content-background-meta":{"desktop":{"background-color":"var(--ast-global-color-5)","background-image":"","background-repeat":"repeat","background-position":"center center","background-size":"auto","background-attachment":"scroll","background-type":"","background-media":"","overlay-type":"","overlay-color":"","overlay-opacity":"","overlay-gradient":""},"tablet":{"background-color":"var(--ast-global-color-5)","background-image":"","background-repeat":"repeat","background-position":"center center","background-size":"auto","background-attachment":"scroll","background-type":"","background-media":"","overlay-type":"","overlay-color":"","overlay-opacity":"","overlay-gradient":""},"mobile":{"background-color":"var(--ast-global-color-5)","background-image":"","background-repeat":"repeat","background-position":"center center","background-size":"auto","background-attachment":"scroll","background-type":"","background-media":"","overlay-type":"","overlay-color":"","overlay-opacity":"","overlay-gradient":""}},"_themeisle_gutenberg_block_has_review":false,"footnotes":""},"class_list":["post-6021","page","type-page","status-publish","hentry"],"yoast_head":"<!-- This site is optimized with the Yoast SEO plugin v27.5 - https:\/\/yoast.com\/product\/yoast-seo-wordpress\/ -->\n<title>Cittaslow - Olea Residence<\/title>\n<meta name=\"robots\" content=\"index, follow, max-snippet:-1, max-image-preview:large, max-video-preview:-1\" \/>\n<link rel=\"canonical\" href=\"https:\/\/www.oleacyprus.com\/de\/cittaslow\/\" \/>\n<meta property=\"og:locale\" content=\"de_DE\" \/>\n<meta property=\"og:type\" content=\"article\" \/>\n<meta property=\"og:title\" content=\"Cittaslow - Olea Residence\" \/>\n<meta property=\"og:description\" content=\"Cittaslow Cittaslow Nedir? Cittaslow \u015fehirler, tarihi, do\u011fas\u0131, k\u00fclt\u00fcr\u00fc ve gelenekleriyle geli\u015fen ve de\u011fi\u015fen d\u00fcnyan\u0131n i\u00e7inde varl\u0131\u011f\u0131n\u0131 orijinal haliyle s\u00fcrd\u00fcrmeyi ba\u015faran \u015fehirlerdir. Cittaslow \u015fehirleri, tek tip olmaya ba\u015flayan d\u00fcnyada farkl\u0131 \u00f6zelliklerinin korunmas\u0131 konusunda uluslararas\u0131 destek al\u0131rken s\u00fcrd\u00fcr\u00fclebilir do\u011fa ve k\u00fclt\u00fcr konusunda da varl\u0131\u011f\u0131n\u0131 s\u00fcrd\u00fcrmeye devam eder. Sakin \u015eehir \u2019de ya\u015famak, daha temiz bir \u00e7evreye sahip olmak, [&hellip;]\" \/>\n<meta property=\"og:url\" content=\"https:\/\/www.oleacyprus.com\/de\/cittaslow\/\" \/>\n<meta property=\"og:site_name\" content=\"Olea Residence\" \/>\n<meta property=\"article:modified_time\" content=\"2023-08-24T08:52:30+00:00\" \/>\n<meta property=\"og:image\" content=\"https:\/\/oleacyprus.net\/wp-content\/uploads\/elementor\/thumbs\/cittaslow_Calisma-Yuzeyi-1-kopya-2-q3w9b4fo8jqk8zk7qde0ith88fewyiu6trrr1t4vkg.png\" \/>\n<meta name=\"twitter:card\" content=\"summary_large_image\" \/>\n<meta name=\"twitter:label1\" content=\"Gesch\u00e4tzte Lesezeit\" \/>\n\t<meta name=\"twitter:data1\" content=\"3\u00a0Minuten\" \/>\n<script type=\"application\/ld+json\" class=\"yoast-schema-graph\">{\"@context\":\"https:\\\/\\\/schema.org\",\"@graph\":[{\"@type\":\"WebPage\",\"@id\":\"https:\\\/\\\/www.oleacyprus.com\\\/de\\\/cittaslow\\\/\",\"url\":\"https:\\\/\\\/www.oleacyprus.com\\\/de\\\/cittaslow\\\/\",\"name\":\"Cittaslow - Olea Residence\",\"isPartOf\":{\"@id\":\"https:\\\/\\\/www.oleacyprus.com\\\/de\\\/#website\"},\"primaryImageOfPage\":{\"@id\":\"https:\\\/\\\/www.oleacyprus.com\\\/de\\\/cittaslow\\\/#primaryimage\"},\"image\":{\"@id\":\"https:\\\/\\\/www.oleacyprus.com\\\/de\\\/cittaslow\\\/#primaryimage\"},\"thumbnailUrl\":\"https:\\\/\\\/oleacyprus.net\\\/wp-content\\\/uploads\\\/elementor\\\/thumbs\\\/cittaslow_Calisma-Yuzeyi-1-kopya-2-q3w9b4fo8jqk8zk7qde0ith88fewyiu6trrr1t4vkg.png\",\"datePublished\":\"2023-03-22T14:31:53+00:00\",\"dateModified\":\"2023-08-24T08:52:30+00:00\",\"breadcrumb\":{\"@id\":\"https:\\\/\\\/www.oleacyprus.com\\\/de\\\/cittaslow\\\/#breadcrumb\"},\"inLanguage\":\"de\",\"potentialAction\":[{\"@type\":\"ReadAction\",\"target\":[\"https:\\\/\\\/www.oleacyprus.com\\\/de\\\/cittaslow\\\/\"]}]},{\"@type\":\"ImageObject\",\"inLanguage\":\"de\",\"@id\":\"https:\\\/\\\/www.oleacyprus.com\\\/de\\\/cittaslow\\\/#primaryimage\",\"url\":\"https:\\\/\\\/oleacyprus.net\\\/wp-content\\\/uploads\\\/elementor\\\/thumbs\\\/cittaslow_Calisma-Yuzeyi-1-kopya-2-q3w9b4fo8jqk8zk7qde0ith88fewyiu6trrr1t4vkg.png\",\"contentUrl\":\"https:\\\/\\\/oleacyprus.net\\\/wp-content\\\/uploads\\\/elementor\\\/thumbs\\\/cittaslow_Calisma-Yuzeyi-1-kopya-2-q3w9b4fo8jqk8zk7qde0ith88fewyiu6trrr1t4vkg.png\"},{\"@type\":\"BreadcrumbList\",\"@id\":\"https:\\\/\\\/www.oleacyprus.com\\\/de\\\/cittaslow\\\/#breadcrumb\",\"itemListElement\":[{\"@type\":\"ListItem\",\"position\":1,\"name\":\"Anasayfa\",\"item\":\"https:\\\/\\\/www.oleacyprus.com\\\/de\\\/\"},{\"@type\":\"ListItem\",\"position\":2,\"name\":\"Cittaslow\"}]},{\"@type\":\"WebSite\",\"@id\":\"https:\\\/\\\/www.oleacyprus.com\\\/de\\\/#website\",\"url\":\"https:\\\/\\\/www.oleacyprus.com\\\/de\\\/\",\"name\":\"Olea Residence\",\"description\":\"\",\"publisher\":{\"@id\":\"https:\\\/\\\/www.oleacyprus.com\\\/de\\\/#organization\"},\"potentialAction\":[{\"@type\":\"SearchAction\",\"target\":{\"@type\":\"EntryPoint\",\"urlTemplate\":\"https:\\\/\\\/www.oleacyprus.com\\\/de\\\/?s={search_term_string}\"},\"query-input\":{\"@type\":\"PropertyValueSpecification\",\"valueRequired\":true,\"valueName\":\"search_term_string\"}}],\"inLanguage\":\"de\"},{\"@type\":\"Organization\",\"@id\":\"https:\\\/\\\/www.oleacyprus.com\\\/de\\\/#organization\",\"name\":\"Olea Residence\",\"url\":\"https:\\\/\\\/www.oleacyprus.com\\\/de\\\/\",\"logo\":{\"@type\":\"ImageObject\",\"inLanguage\":\"de\",\"@id\":\"https:\\\/\\\/www.oleacyprus.com\\\/de\\\/#\\\/schema\\\/logo\\\/image\\\/\",\"url\":\"https:\\\/\\\/www.oleacyprus.com\\\/wp-content\\\/uploads\\\/2020\\\/04\\\/cropped-2-01.png\",\"contentUrl\":\"https:\\\/\\\/www.oleacyprus.com\\\/wp-content\\\/uploads\\\/2020\\\/04\\\/cropped-2-01.png\",\"width\":312,\"height\":246,\"caption\":\"Olea Residence\"},\"image\":{\"@id\":\"https:\\\/\\\/www.oleacyprus.com\\\/de\\\/#\\\/schema\\\/logo\\\/image\\\/\"}}]}<\/script>\n<!-- \/ Yoast SEO plugin. -->","yoast_head_json":{"title":"Cittaslow - Olea Residence","robots":{"index":"index","follow":"follow","max-snippet":"max-snippet:-1","max-image-preview":"max-image-preview:large","max-video-preview":"max-video-preview:-1"},"canonical":"https:\/\/www.oleacyprus.com\/de\/cittaslow\/","og_locale":"de_DE","og_type":"article","og_title":"Cittaslow - Olea Residence","og_description":"Cittaslow Cittaslow Nedir? Cittaslow \u015fehirler, tarihi, do\u011fas\u0131, k\u00fclt\u00fcr\u00fc ve gelenekleriyle geli\u015fen ve de\u011fi\u015fen d\u00fcnyan\u0131n i\u00e7inde varl\u0131\u011f\u0131n\u0131 orijinal haliyle s\u00fcrd\u00fcrmeyi ba\u015faran \u015fehirlerdir. Cittaslow \u015fehirleri, tek tip olmaya ba\u015flayan d\u00fcnyada farkl\u0131 \u00f6zelliklerinin korunmas\u0131 konusunda uluslararas\u0131 destek al\u0131rken s\u00fcrd\u00fcr\u00fclebilir do\u011fa ve k\u00fclt\u00fcr konusunda da varl\u0131\u011f\u0131n\u0131 s\u00fcrd\u00fcrmeye devam eder. Sakin \u015eehir \u2019de ya\u015famak, daha temiz bir \u00e7evreye sahip olmak, [&hellip;]","og_url":"https:\/\/www.oleacyprus.com\/de\/cittaslow\/","og_site_name":"Olea Residence","article_modified_time":"2023-08-24T08:52:30+00:00","og_image":[{"url":"https:\/\/oleacyprus.net\/wp-content\/uploads\/elementor\/thumbs\/cittaslow_Calisma-Yuzeyi-1-kopya-2-q3w9b4fo8jqk8zk7qde0ith88fewyiu6trrr1t4vkg.png","type":"","width":"","height":""}],"twitter_card":"summary_large_image","twitter_misc":{"Gesch\u00e4tzte Lesezeit":"3\u00a0Minuten"},"schema":{"@context":"https:\/\/schema.org","@graph":[{"@type":"WebPage","@id":"https:\/\/www.oleacyprus.com\/de\/cittaslow\/","url":"https:\/\/www.oleacyprus.com\/de\/cittaslow\/","name":"Cittaslow - Olea Residence","isPartOf":{"@id":"https:\/\/www.oleacyprus.com\/de\/#website"},"primaryImageOfPage":{"@id":"https:\/\/www.oleacyprus.com\/de\/cittaslow\/#primaryimage"},"image":{"@id":"https:\/\/www.oleacyprus.com\/de\/cittaslow\/#primaryimage"},"thumbnailUrl":"https:\/\/oleacyprus.net\/wp-content\/uploads\/elementor\/thumbs\/cittaslow_Calisma-Yuzeyi-1-kopya-2-q3w9b4fo8jqk8zk7qde0ith88fewyiu6trrr1t4vkg.png","datePublished":"2023-03-22T14:31:53+00:00","dateModified":"2023-08-24T08:52:30+00:00","breadcrumb":{"@id":"https:\/\/www.oleacyprus.com\/de\/cittaslow\/#breadcrumb"},"inLanguage":"de","potentialAction":[{"@type":"ReadAction","target":["https:\/\/www.oleacyprus.com\/de\/cittaslow\/"]}]},{"@type":"ImageObject","inLanguage":"de","@id":"https:\/\/www.oleacyprus.com\/de\/cittaslow\/#primaryimage","url":"https:\/\/oleacyprus.net\/wp-content\/uploads\/elementor\/thumbs\/cittaslow_Calisma-Yuzeyi-1-kopya-2-q3w9b4fo8jqk8zk7qde0ith88fewyiu6trrr1t4vkg.png","contentUrl":"https:\/\/oleacyprus.net\/wp-content\/uploads\/elementor\/thumbs\/cittaslow_Calisma-Yuzeyi-1-kopya-2-q3w9b4fo8jqk8zk7qde0ith88fewyiu6trrr1t4vkg.png"},{"@type":"BreadcrumbList","@id":"https:\/\/www.oleacyprus.com\/de\/cittaslow\/#breadcrumb","itemListElement":[{"@type":"ListItem","position":1,"name":"Anasayfa","item":"https:\/\/www.oleacyprus.com\/de\/"},{"@type":"ListItem","position":2,"name":"Cittaslow"}]},{"@type":"WebSite","@id":"https:\/\/www.oleacyprus.com\/de\/#website","url":"https:\/\/www.oleacyprus.com\/de\/","name":"Olea Residence","description":"","publisher":{"@id":"https:\/\/www.oleacyprus.com\/de\/#organization"},"potentialAction":[{"@type":"SearchAction","target":{"@type":"EntryPoint","urlTemplate":"https:\/\/www.oleacyprus.com\/de\/?s={search_term_string}"},"query-input":{"@type":"PropertyValueSpecification","valueRequired":true,"valueName":"search_term_string"}}],"inLanguage":"de"},{"@type":"Organization","@id":"https:\/\/www.oleacyprus.com\/de\/#organization","name":"Olea Residence","url":"https:\/\/www.oleacyprus.com\/de\/","logo":{"@type":"ImageObject","inLanguage":"de","@id":"https:\/\/www.oleacyprus.com\/de\/#\/schema\/logo\/image\/","url":"https:\/\/www.oleacyprus.com\/wp-content\/uploads\/2020\/04\/cropped-2-01.png","contentUrl":"https:\/\/www.oleacyprus.com\/wp-content\/uploads\/2020\/04\/cropped-2-01.png","width":312,"height":246,"caption":"Olea Residence"},"image":{"@id":"https:\/\/www.oleacyprus.com\/de\/#\/schema\/logo\/image\/"}}]}},"_links":{"self":[{"href":"https:\/\/www.oleacyprus.com\/de\/wp-json\/wp\/v2\/pages\/6021","targetHints":{"allow":["GET"]}}],"collection":[{"href":"https:\/\/www.oleacyprus.com\/de\/wp-json\/wp\/v2\/pages"}],"about":[{"href":"https:\/\/www.oleacyprus.com\/de\/wp-json\/wp\/v2\/types\/page"}],"author":[{"embeddable":true,"href":"https:\/\/www.oleacyprus.com\/de\/wp-json\/wp\/v2\/users\/4"}],"replies":[{"embeddable":true,"href":"https:\/\/www.oleacyprus.com\/de\/wp-json\/wp\/v2\/comments?post=6021"}],"version-history":[{"count":1,"href":"https:\/\/www.oleacyprus.com\/de\/wp-json\/wp\/v2\/pages\/6021\/revisions"}],"predecessor-version":[{"id":6878,"href":"https:\/\/www.oleacyprus.com\/de\/wp-json\/wp\/v2\/pages\/6021\/revisions\/6878"}],"wp:attachment":[{"href":"https:\/\/www.oleacyprus.com\/de\/wp-json\/wp\/v2\/media?parent=6021"}],"curies":[{"name":"wp","href":"https:\/\/api.w.org\/{rel}","templated":true}]}}